{"id":2,"date":"2025-11-07T12:13:40","date_gmt":"2025-11-07T11:13:40","guid":{"rendered":"https:\/\/beratung-mit-marie.at\/?page_id=2"},"modified":"2025-11-13T08:46:45","modified_gmt":"2025-11-13T07:46:45","slug":"beispiel-seite","status":"publish","type":"page","link":"https:\/\/beratung-mit-marie.at\/?page_id=2","title":{"rendered":"Impressum"},"content":{"rendered":"\n<p>Die Inhalte dieser Website dienen ausschlie\u00dflich der allgemeinen Information und stellen keine Anlageberatung oder Empfehlung dar. Trotz sorgf\u00e4ltiger Pr\u00fcfung \u00fcbernehmen wir keine Haftung f\u00fcr Aktualit\u00e4t, Richtigkeit oder Vollst\u00e4ndigkeit.<\/p>\n\n\n\n<p>S\u00e4mtliche Inhalte (Texte, Fotos, Grafiken) unterliegen dem Urheberrecht. Eine Verwendung ohne ausdr\u00fcckliche Zustimmung ist nicht gestattet.<\/p>\n\n\n\n<p>Ich befinde mich in Ausbildung und die Anmeldung des Unternehmens ist f\u00fcr J\u00e4nner 2026 vorgesehen.<\/p>\n\n\n\n<p><strong>Marie Rysava<\/strong><\/p>\n\n\n\n<p><strong>Anschrift:<\/strong><br>Hauptplatz 31\/9<br>2070 Retz<\/p>\n\n\n\n<p><strong>Telefon: <\/strong>+43 664 1386750<br><strong>E-Mail:<\/strong> office@beratung-mit-marie.at<\/p>\n\n\n\n<p><strong>Firmenbuchnummer<\/strong> (ab J\u00e4nner 2026)<\/p>\n\n\n\n<p><strong>Firmenbuchgericht<\/strong> (ab J\u00e4nner 2026)<\/p>\n\n\n\n<p><strong>UID-Nummer<\/strong> (Umsatzsteuer-ID) (ab J\u00e4nner 2026)<\/p>\n\n\n\n<p><strong>Gewerbeberechtigung:<\/strong> (ab J\u00e4nner 2026)<\/p>\n\n\n<ul class=\"wp-block-list\" style=\"\">\n<li>Gewerbliche Verm&ouml;gensberatung eingeschr&auml;nkt auf die Vermittlung von Veranlagungen und Investitionen (einschlie&szlig;lich Finanzinstrumente)<\/li>\n\n\n\n<li>Ausstellende Beh&ouml;rde<\/li>\n<\/ul>\n\n\n\n<p><strong>Mitglied der Wirtschaftskammer<\/strong> (ab J\u00e4nner 2026)<\/p>\n\n\n\n<p><strong>Aufsichtsbeh\u00f6rde<\/strong> (Bezirkshauptmannschaft) (ab J\u00e4nner 2026)<\/p>\n\n\n\n<p><strong>Berufsrechtliche Vorschriften:<\/strong> GewO, FM-GwG (Finanzmarkt-Geldw\u00e4schegesetz)<\/p>\n","protected":false},"excerpt":{"rendered":"<p>Die Inhalte dieser Website dienen ausschlie\u00dflich der allgemeinen Information und stellen keine Anlageberatung oder Empfehlung dar. Trotz sorgf\u00e4ltiger Pr\u00fcfung \u00fcbernehmen wir keine Haftung f\u00fcr Aktualit\u00e4t, Richtigkeit oder Vollst\u00e4ndigkeit. S\u00e4mtliche Inhalte (Texte, Fotos, Grafiken) unterliegen dem Urheberrecht. Eine Verwendung ohne ausdr\u00fcckliche Zustimmung ist nicht gestattet. Ich befinde mich in Ausbildung und die Anmeldung des Unternehmens ist [&hellip;]<\/p>\n","protected":false},"author":1,"featured_media":0,"parent":0,"menu_order":0,"comment_status":"closed","ping_status":"open","template":"","meta":{"footnotes":""},"class_list":["post-2","page","type-page","status-publish","hentry"],"_links":{"self":[{"href":"https:\/\/beratung-mit-marie.at\/index.php?rest_route=\/wp\/v2\/pages\/2","targetHints":{"allow":["GET"]}}],"collection":[{"href":"https:\/\/beratung-mit-marie.at\/index.php?rest_route=\/wp\/v2\/pages"}],"about":[{"href":"https:\/\/beratung-mit-marie.at\/index.php?rest_route=\/wp\/v2\/types\/page"}],"author":[{"embeddable":true,"href":"https:\/\/beratung-mit-marie.at\/index.php?rest_route=\/wp\/v2\/users\/1"}],"replies":[{"embeddable":true,"href":"https:\/\/beratung-mit-marie.at\/index.php?rest_route=%2Fwp%2Fv2%2Fcomments&post=2"}],"version-history":[{"count":4,"href":"https:\/\/beratung-mit-marie.at\/index.php?rest_route=\/wp\/v2\/pages\/2\/revisions"}],"predecessor-version":[{"id":40,"href":"https:\/\/beratung-mit-marie.at\/index.php?rest_route=\/wp\/v2\/pages\/2\/revisions\/40"}],"wp:attachment":[{"href":"https:\/\/beratung-mit-marie.at\/index.php?rest_route=%2Fwp%2Fv2%2Fmedia&parent=2"}],"curies":[{"name":"wp","href":"https:\/\/api.w.org\/{rel}","templated":true}]}}